{"id":3,"date":"2023-04-28T11:44:23","date_gmt":"2023-04-28T09:44:23","guid":{"rendered":"http:\/\/ajrmp.fr\/?page_id=3"},"modified":"2023-04-28T17:29:19","modified_gmt":"2023-04-28T15:29:19","slug":"mentions-legales","status":"publish","type":"page","link":"https:\/\/ajrmp.fr\/index.php\/15c42-web-agency-gb-home\/mentions-legales\/","title":{"rendered":"Mentions l\u00e9gales"},"content":{"rendered":"\n<h2 class=\"wp-block-heading\">Qui sommes-nous&nbsp;?<\/h2>\n\n\n\n<p>L\u2019AJRMP est une association loi 1901 d\u00e9clar\u00e9e en pr\u00e9fecture des Alpes-Maritimes. Son si\u00e8ge est au 19 rue Alberti 06000 NICE.<br>http:\/\/ajrmp.fr est le site de notre association.<\/p>\n\n\n\n<p><\/p>\n\n\n\n<h2 class=\"wp-block-heading\">Transmission de vos donn\u00e9es personnelles<\/h2>\n\n\n\n<p>Les commentaires des visiteurs peuvent \u00eatre v\u00e9rifi\u00e9s \u00e0 l\u2019aide d\u2019un service automatis\u00e9 de d\u00e9tection des commentaires ind\u00e9sirables.<br>L\u2019envoi d\u2019un message via le formulaire de contact entraine votre accord pour la transmission des informations personnelles que vous y avez incluse.<\/p>\n","protected":false},"excerpt":{"rendered":"<p>Qui sommes-nous&nbsp;? L\u2019AJRMP est une association loi 1901 d\u00e9clar\u00e9e en pr\u00e9fecture des Alpes-Maritimes. Son si\u00e8ge est au 19 rue Alberti 06000 NICE.http:\/\/ajrmp.fr est le site de notre association. Transmission de vos donn\u00e9es personnelles Les commentaires des visiteurs peuvent \u00eatre v\u00e9rifi\u00e9s \u00e0 l\u2019aide d\u2019un service automatis\u00e9 de d\u00e9tection des commentaires ind\u00e9sirables.L\u2019envoi d\u2019un message via le formulaire&hellip;&nbsp;<a href=\"https:\/\/ajrmp.fr\/index.php\/15c42-web-agency-gb-home\/mentions-legales\/\" class=\"\" rel=\"bookmark\">Read More &raquo;<span class=\"screen-reader-text\">Mentions l\u00e9gales<\/span><\/a><\/p>\n","protected":false},"author":1,"featured_media":0,"parent":308,"menu_order":0,"comment_status":"closed","ping_status":"closed","template":"","meta":{"neve_meta_sidebar":"","neve_meta_container":"","neve_meta_enable_content_width":"","neve_meta_content_width":0,"neve_meta_title_alignment":"","neve_meta_author_avatar":"","neve_post_elements_order":"","neve_meta_disable_header":"","neve_meta_disable_footer":"","neve_meta_disable_title":"","_themeisle_gutenberg_block_has_review":false,"_ti_tpc_template_sync":false,"_ti_tpc_template_id":"","footnotes":""},"class_list":["post-3","page","type-page","status-publish","hentry"],"_links":{"self":[{"href":"https:\/\/ajrmp.fr\/index.php\/wp-json\/wp\/v2\/pages\/3","targetHints":{"allow":["GET"]}}],"collection":[{"href":"https:\/\/ajrmp.fr\/index.php\/wp-json\/wp\/v2\/pages"}],"about":[{"href":"https:\/\/ajrmp.fr\/index.php\/wp-json\/wp\/v2\/types\/page"}],"author":[{"embeddable":true,"href":"https:\/\/ajrmp.fr\/index.php\/wp-json\/wp\/v2\/users\/1"}],"replies":[{"embeddable":true,"href":"https:\/\/ajrmp.fr\/index.php\/wp-json\/wp\/v2\/comments?post=3"}],"version-history":[{"count":2,"href":"https:\/\/ajrmp.fr\/index.php\/wp-json\/wp\/v2\/pages\/3\/revisions"}],"predecessor-version":[{"id":387,"href":"https:\/\/ajrmp.fr\/index.php\/wp-json\/wp\/v2\/pages\/3\/revisions\/387"}],"up":[{"embeddable":true,"href":"https:\/\/ajrmp.fr\/index.php\/wp-json\/wp\/v2\/pages\/308"}],"wp:attachment":[{"href":"https:\/\/ajrmp.fr\/index.php\/wp-json\/wp\/v2\/media?parent=3"}],"curies":[{"name":"wp","href":"https:\/\/api.w.org\/{rel}","templated":true}]}}