{"id":308,"date":"2020-01-13T11:17:52","date_gmt":"2020-01-13T11:17:52","guid":{"rendered":"https:\/\/demosites.io\/web-agency-gb\/?page_id=5"},"modified":"2023-04-28T18:18:20","modified_gmt":"2023-04-28T16:18:20","slug":"15c42-web-agency-gb-home","status":"publish","type":"page","link":"https:\/\/ajrmp.fr\/","title":{"rendered":"AJRMP"},"content":{"rendered":"\n<div class=\"wp-block-cover alignfull\" style=\"min-height:728px;aspect-ratio:unset;\"><span aria-hidden=\"true\" class=\"wp-block-cover__background has-background-dim-0 has-background-dim\"><\/span><img loading=\"lazy\" decoding=\"async\" width=\"2560\" height=\"1707\" class=\"wp-block-cover__image-background wp-image-355\" alt=\"\" src=\"http:\/\/ajrmp.fr\/wp-content\/uploads\/2023\/04\/toa-heftiba-_UIVmIBB3JU-unsplash-scaled.jpg\" style=\"object-position:50% 0%\" data-object-fit=\"cover\" data-object-position=\"50% 0%\" srcset=\"https:\/\/ajrmp.fr\/wp-content\/uploads\/2023\/04\/toa-heftiba-_UIVmIBB3JU-unsplash-scaled.jpg 2560w, https:\/\/ajrmp.fr\/wp-content\/uploads\/2023\/04\/toa-heftiba-_UIVmIBB3JU-unsplash-300x200.jpg 300w, https:\/\/ajrmp.fr\/wp-content\/uploads\/2023\/04\/toa-heftiba-_UIVmIBB3JU-unsplash-1024x683.jpg 1024w, https:\/\/ajrmp.fr\/wp-content\/uploads\/2023\/04\/toa-heftiba-_UIVmIBB3JU-unsplash-768x512.jpg 768w, https:\/\/ajrmp.fr\/wp-content\/uploads\/2023\/04\/toa-heftiba-_UIVmIBB3JU-unsplash-1536x1024.jpg 1536w, https:\/\/ajrmp.fr\/wp-content\/uploads\/2023\/04\/toa-heftiba-_UIVmIBB3JU-unsplash-2048x1365.jpg 2048w, https:\/\/ajrmp.fr\/wp-content\/uploads\/2023\/04\/toa-heftiba-_UIVmIBB3JU-unsplash-930x620.jpg 930w\" sizes=\"auto, (max-width: 2560px) 100vw, 2560px\" \/><div class=\"wp-block-cover__inner-container is-layout-flow wp-block-cover-is-layout-flow\">\n<div style=\"height:80px\" aria-hidden=\"true\" class=\"wp-block-spacer\"><\/div>\n\n\n\n<h1 class=\"wp-block-heading has-text-align-center has-text-color\" style=\"color:#121212\"><mark style=\"background-color:rgba(0, 0, 0, 0)\" class=\"has-inline-color has-nv-dark-bg-color\">L\u2019association pour<br> la Justice Restaurative<br>et la M\u00e9diation p\u00e9nale<\/mark><\/h1>\n\n\n\n<p class=\"has-text-align-center has-text-color\" style=\"color:#121212;font-size:17px\"><strong>Parce qu\u2019une autre forme de Justice est possible.<\/strong><\/p>\n\n\n\n<div style=\"height:80px\" aria-hidden=\"true\" class=\"wp-block-spacer\"><\/div>\n\n\n\n<div style=\"height:80px\" aria-hidden=\"true\" class=\"wp-block-spacer\"><\/div>\n<\/div><\/div>\n\n\n\n<h2 class=\"wp-block-heading has-text-align-center\">Qu\u2019est ce que la justice restaurative ?<\/h2>\n\n\n\n<div id=\"wp-block-themeisle-blocks-advanced-columns-9560d80b\" class=\"wp-block-themeisle-blocks-advanced-columns has-2-columns has-desktop-twoOne-layout has-tablet-equal-layout has-mobile-collapsedRows-layout has-vertical-unset\"><div class=\"wp-block-themeisle-blocks-advanced-columns-overlay\"><\/div><div class=\"innerblocks-wrap\">\n<div id=\"wp-block-themeisle-blocks-advanced-column-d1df5993\" class=\"wp-block-themeisle-blocks-advanced-column\">\n<p>La Justice restaurative est un espace de dialogue qui peut \u00e9ventuellement aboutir \u00e0 une rencontre soit avec celui qui partage votre infraction, soit en groupe avec d\u2019autres personnes ayant commis ou v\u00e9cus le m\u00eame type d\u2019infraction. <\/p>\n\n\n\n<p>Cette mesure, mise en place sur la base du volontariat, est totalement confidentielle. Elle peut \u00eatre mise en place \u00e0 l\u2019occasion de toute proc\u00e9dure p\u00e9nale et \u00e0 tous les stades de la proc\u00e9dure p\u00e9nale y compris lors de l\u2019ex\u00e9cution de la peine. <\/p>\n\n\n\n<p>Tout au long du processus, vous \u00eates accompagn\u00e9 par un tiers ind\u00e9pendant.<\/p>\n<\/div>\n\n\n\n<div id=\"wp-block-themeisle-blocks-advanced-column-5955901d\" class=\"wp-block-themeisle-blocks-advanced-column\">\n<figure class=\"wp-block-image size-full\"><img loading=\"lazy\" decoding=\"async\" width=\"418\" height=\"374\" src=\"http:\/\/ajrmp.fr\/wp-content\/uploads\/2023\/04\/la-justice-restaurative-image-gouvernement.jpg\" alt=\"\" class=\"wp-image-359\" srcset=\"https:\/\/ajrmp.fr\/wp-content\/uploads\/2023\/04\/la-justice-restaurative-image-gouvernement.jpg 418w, https:\/\/ajrmp.fr\/wp-content\/uploads\/2023\/04\/la-justice-restaurative-image-gouvernement-300x268.jpg 300w\" sizes=\"auto, (max-width: 418px) 100vw, 418px\" \/><\/figure>\n<\/div>\n<\/div><\/div>\n\n\n\n<div id=\"wp-block-themeisle-blocks-advanced-columns-25ddf1f0\" class=\"wp-block-themeisle-blocks-advanced-columns has-2-columns has-desktop-twoOne-layout has-tablet-equal-layout has-mobile-collapsedRows-layout has-vertical-unset\"><div class=\"wp-block-themeisle-blocks-advanced-columns-overlay\"><\/div><div class=\"innerblocks-wrap\">\n<div id=\"wp-block-themeisle-blocks-advanced-column-b5c50268\" class=\"wp-block-themeisle-blocks-advanced-column\">\n<figure class=\"wp-block-image size-large is-resized is-style-default\"><img loading=\"lazy\" decoding=\"async\" src=\"http:\/\/ajrmp.fr\/wp-content\/uploads\/2023\/04\/tiendat-nguyen-WY5kuE0R4-k-unsplash-1024x683.jpg\" alt=\"\" class=\"wp-image-381\" width=\"334\" height=\"223\" srcset=\"https:\/\/ajrmp.fr\/wp-content\/uploads\/2023\/04\/tiendat-nguyen-WY5kuE0R4-k-unsplash-1024x683.jpg 1024w, https:\/\/ajrmp.fr\/wp-content\/uploads\/2023\/04\/tiendat-nguyen-WY5kuE0R4-k-unsplash-300x200.jpg 300w, https:\/\/ajrmp.fr\/wp-content\/uploads\/2023\/04\/tiendat-nguyen-WY5kuE0R4-k-unsplash-768x512.jpg 768w, https:\/\/ajrmp.fr\/wp-content\/uploads\/2023\/04\/tiendat-nguyen-WY5kuE0R4-k-unsplash-1536x1024.jpg 1536w, https:\/\/ajrmp.fr\/wp-content\/uploads\/2023\/04\/tiendat-nguyen-WY5kuE0R4-k-unsplash-2048x1365.jpg 2048w, https:\/\/ajrmp.fr\/wp-content\/uploads\/2023\/04\/tiendat-nguyen-WY5kuE0R4-k-unsplash-930x620.jpg 930w\" sizes=\"auto, (max-width: 334px) 100vw, 334px\" \/><\/figure>\n<\/div>\n\n\n\n<div id=\"wp-block-themeisle-blocks-advanced-column-e8204064\" class=\"wp-block-themeisle-blocks-advanced-column\">\n<p>Appel\u00e9e \u00e9galement justice r\u00e9paratrice au Quebec, justice r\u00e9parative dans certains pays francophones ou encore m\u00e9diation p\u00e9nale dans bon nombre de pays anglophones, ce type de mesure a pour objectifs l\u2019expression mutuelle et l\u2019auto-responsabilisation. La justice restaurative se focalise sur les cons\u00e9quences de l\u2019acte infractionnelle et le besoin de compr\u00e9hension r\u00e9ciproque.<\/p>\n\n\n\n<p>Pour la victime, le principe fondamental sera sa r\u00e9paration tant financi\u00e8re que psychologique, pouvoir se faire r\u00e9ellement entendre et de comprendre l\u2019\u00e9v\u00e8nement.<br>Pour l\u2019auteur, le but est la responsabilisation de ses actes, appr\u00e9hender les cons\u00e9quences de ces derniers et valoriser sa r\u00e9int\u00e9gration.<br>Pour la soci\u00e9t\u00e9, la vis\u00e9e avec la justice restaurative est le r\u00e9tablissement de la paix sociale et limiter la r\u00e9cidive.<\/p>\n<\/div>\n<\/div><\/div>\n\n\n\n<div class=\"wp-block-group\"><div class=\"wp-block-group__inner-container is-layout-constrained wp-block-group-is-layout-constrained\">\n<div class=\"wp-block-group\"><div class=\"wp-block-group__inner-container is-layout-flow wp-block-group-is-layout-flow\">\n<div class=\"wp-block-cover alignfull\" style=\"min-height:184px;aspect-ratio:unset;\"><span aria-hidden=\"true\" class=\"wp-block-cover__background has-nv-dark-bg-background-color has-background-dim-100 has-background-dim\"><\/span><div class=\"wp-block-cover__inner-container is-layout-flow wp-block-cover-is-layout-flow\">\n<div class=\"wp-block-group\"><div class=\"wp-block-group__inner-container is-layout-flow wp-block-group-is-layout-flow\">\n<p class=\"has-text-align-center\">En France, la Justice restaurative se distingue de la m\u00e9diation p\u00e9nale qui est une alternative aux poursuites. <br>Si la justice restaurative peut concerner tout type d\u2019infraction (d\u00e9lits graves ou s\u00e9rieux, crimes), la m\u00e9diation p\u00e9nale fran\u00e7aise n\u2019est possible que pour les d\u00e9lits mineurs. Cette derni\u00e8re n\u2019est pas confidentielle et peut \u00eatre impos\u00e9e \u00e0 l\u2019auteur.<\/p>\n\n\n\n<p class=\"has-text-align-center\">Il serait souhaitable que le nom de cette mesure non consensuelle soit modifi\u00e9<br> pour \u00e9viter toute confusion avec les m\u00e9diations p\u00e9nales pratiqu\u00e9es \u00e0 l\u2019internationale.<\/p>\n<\/div><\/div>\n<\/div><\/div>\n<\/div><\/div>\n<\/div><\/div>\n\n\n\n<div class=\"wp-block-cover alignfull\" style=\"min-height:600px;aspect-ratio:unset;\"><span aria-hidden=\"true\" class=\"wp-block-cover__background has-nv-light-bg-background-color has-background-dim-100 has-background-dim\"><\/span><div class=\"wp-block-cover__inner-container is-layout-flow wp-block-cover-is-layout-flow\">\n<div class=\"wp-block-group\"><div class=\"wp-block-group__inner-container is-layout-flow wp-block-group-is-layout-flow\">\n<div class=\"wp-block-columns are-vertically-aligned-center is-layout-flex wp-container-core-columns-is-layout-9d6595d7 wp-block-columns-is-layout-flex\">\n<div class=\"wp-block-column is-vertically-aligned-center is-layout-flow wp-block-column-is-layout-flow\" style=\"flex-basis:50%\">\n<figure class=\"wp-block-image size-large\"><img loading=\"lazy\" decoding=\"async\" width=\"1024\" height=\"736\" src=\"http:\/\/ajrmp.fr\/wp-content\/uploads\/2023\/04\/sigmund-YUuSAJkS3U4-unsplash-1024x736.jpg\" alt=\"\" class=\"wp-image-357\" srcset=\"https:\/\/ajrmp.fr\/wp-content\/uploads\/2023\/04\/sigmund-YUuSAJkS3U4-unsplash-1024x736.jpg 1024w, https:\/\/ajrmp.fr\/wp-content\/uploads\/2023\/04\/sigmund-YUuSAJkS3U4-unsplash-300x216.jpg 300w, https:\/\/ajrmp.fr\/wp-content\/uploads\/2023\/04\/sigmund-YUuSAJkS3U4-unsplash-768x552.jpg 768w, https:\/\/ajrmp.fr\/wp-content\/uploads\/2023\/04\/sigmund-YUuSAJkS3U4-unsplash-1536x1105.jpg 1536w, https:\/\/ajrmp.fr\/wp-content\/uploads\/2023\/04\/sigmund-YUuSAJkS3U4-unsplash-2048x1473.jpg 2048w\" sizes=\"auto, (max-width: 1024px) 100vw, 1024px\" \/><\/figure>\n<\/div>\n\n\n\n<div class=\"wp-block-column is-vertically-aligned-center is-layout-flow wp-block-column-is-layout-flow\" style=\"flex-basis:50%\">\n<div style=\"height:20px\" aria-hidden=\"true\" class=\"wp-block-spacer\"><\/div>\n\n\n\n<h2 class=\"wp-block-heading has-text-align-left has-neve-text-color-color has-text-color\">Notre association a pour objet de&nbsp;:<\/h2>\n\n\n\n<p class=\"has-nv-dark-bg-color has-text-color\">\u2013&nbsp;rassembler toute personne qui manifeste un int\u00e9r\u00eat pour la <em>Justice restaurative<\/em> et pour la <em>m\u00e9diation p\u00e9nale <\/em>toute deux incluses au sein de<em> la m\u00e9diation relationnelle, <\/em>sans distinction sur une \u00e9ventuelle formation, un cursus ou une appartenance \u00e0 d\u2019autres associations pr\u00e9existence,<\/p>\n\n\n\n<p class=\"has-nv-dark-bg-color has-text-color\">\u2013&nbsp;organiser le recours \u00e0 la justice restaurative ou la m\u00e9diation p\u00e9nale, en fixant les modalit\u00e9s d\u2019intervention des m\u00e9diateurs en partenariat avec les autorit\u00e9s locales et les associations de victimes ou d\u2019auteur d\u2019infraction,<\/p>\n\n\n\n<p class=\"has-nv-dark-bg-color has-text-color\">\u2013&nbsp;promouvoir, d\u00e9velopper, transmettre et approfondir la pratique de la justice restaurative et de la m\u00e9diation p\u00e9nale, favoriser la culture de ce type sp\u00e9cifique de m\u00e9diation relationnelle et contribuer \u00e0 une r\u00e9flexion active sur cette forme de m\u00e9diation.<\/p>\n\n\n\n<div class=\"wp-block-buttons is-horizontal is-content-justification-left is-layout-flex wp-container-core-buttons-is-layout-7e5fce0a wp-block-buttons-is-layout-flex\">\n<div class=\"wp-block-button\"><a class=\"wp-block-button__link wp-element-button\" href=\"\" target=\"_blank\" rel=\"noreferrer noopener\">Retrouvez nos statuts<\/a><\/div>\n<\/div>\n<\/div>\n<\/div>\n<\/div><\/div>\n<\/div><\/div>\n\n\n\n<div class=\"wp-block-group is-nowrap is-layout-flex wp-container-core-group-is-layout-ad2f72ca wp-block-group-is-layout-flex\">\n<div id=\"wp-block-themeisle-blocks-advanced-columns-40db0924\" class=\"wp-block-themeisle-blocks-advanced-columns alignfull has-2-columns has-desktop-equal-layout has-tablet-equal-layout has-mobile-collapsedRows-layout has-vertical-top ticss-c00aadba\"><div class=\"wp-block-themeisle-blocks-advanced-columns-overlay\"><\/div><div class=\"innerblocks-wrap\">\n<div id=\"wp-block-themeisle-blocks-advanced-column-006aede9\" class=\"wp-block-themeisle-blocks-advanced-column\">\n<div id=\"wp-block-themeisle-blocks-font-awesome-icons-2b7e7997\" class=\"wp-block-themeisle-blocks-font-awesome-icons\"><span class=\"wp-block-themeisle-blocks-font-awesome-icons-container\"><svg xmlns=\"http:\/\/www.w3.org\/2000\/svg\" viewBox=\"0 0 1800 1800\"><path d=\"M531.087,344.727c0.247,0,0.492,0.033,0.739,0.033h453.558c16.819,0,30.444-13.625,30.444-30.436 c0-16.815-13.625-30.435-30.444-30.435H638.226H531.826c-16.811,0-30.44,13.62-30.44,30.435 C501.386,330.885,514.624,344.331,531.087,344.727z\"><\/path><path d=\"M531.826,497.389h749.422c16.814,0,30.443-13.629,30.443-30.439c0-16.814-13.629-30.439-30.443-30.439 H531.826c-16.811,0-30.44,13.625-30.44,30.439C501.386,483.76,515.016,497.389,531.826,497.389z\"><\/path><path d=\"M531.826,650.009h749.422c16.814,0,30.443-13.633,30.443-30.444c0-8.872-3.822-16.827-9.877-22.389 c-5.424-4.982-12.625-8.046-20.566-8.046H531.826c-7.938,0-15.143,3.064-20.567,8.046c-6.054,5.562-9.873,13.517-9.873,22.389 C501.386,636.376,515.016,650.009,531.826,650.009z\"><\/path><path d=\"M1311.691,772.194c0-16.806-13.629-30.436-30.443-30.436H531.826c-16.811,0-30.44,13.629-30.44,30.436 c0,16.815,13.629,30.444,30.44,30.444h749.422C1298.063,802.638,1311.691,789.009,1311.691,772.194z\"><\/path><path d=\"M1772.088,533.511c-2.481-3.422-5.691-6.4-9.603-8.622l-246.454-139.961v-82.389v-9.853 c-1.264-7.738-5.432-14.501-11.406-19.066l-49.465-42.835l-131.073-113.508l-61.889-53.596c-5.286-4.582-11.866-7.021-18.591-7.275 h-2.197H937.55h-66.904H383.746c-47.809,0-86.705,38.895-86.705,86.696V382.15L61.554,515.893 c-31.678,11.565-54.396,41.913-54.396,77.54v1067.543c0,45.554,37.064,82.618,82.622,82.618h1625.598 c45.558,0,82.623-37.064,82.623-82.618V593.433C1798,569.839,1788.002,548.583,1772.088,533.511z M1614.426,510.814l92.579,52.583 l-11.661,8.301l-179.313,127.664V571.698v-60.883v-55.873L1614.426,510.814z M1405.5,267.454h-132.895V152.361L1405.5,267.454z M357.922,571.698v-60.883v-93.226v-70.01V143.102c0-14.239,11.585-25.825,25.824-25.825h379.699H886.73h34.734h123.285h167.617 v180.296c0,16.631,13.483,30.11,30.119,30.11h212.674v22.668v70.015v90.448v60.883V742.7l-397.298,282.87l-50.781,36.148 l-18.591,13.241l-81.088,57.728l-81.093-57.728l-18.611-13.25l-50.782-36.155L357.922,741.483V571.698z M193.76,510.814 l103.281-58.649v58.649v60.883V698.14L119.448,571.698l-14.597-10.395L193.76,510.814z M68.036,1648.984V609.822l229.005,163.047 l60.88,43.344L710.7,1067.38l-8.372,7.58l-67.267,60.871L68.036,1648.984z M121.495,1682.723l604.294-546.892l35.693-32.304 l45.37,32.304l82.897,59.028c5.283,3.76,11.462,5.637,17.653,5.637c6.187,0,12.369-1.877,17.652-5.637l82.889-59.028l45.354-32.286 l35.686,32.286l604.311,546.892H121.495z M1737.119,1640.271l-557.41-504.439l-67.267-60.871l-8.359-7.563l351.077-249.962 l60.871-43.348l221.088-157.407V1640.271z\"><\/path><\/svg><\/span><\/div>\n\n\n\n<h2 id=\"wp-block-themeisle-blocks-advanced-heading-8e35b90f\" class=\"wp-block-themeisle-blocks-advanced-heading wp-block-themeisle-blocks-advanced-heading-8e35b90f\">Contactez-nous<\/h2>\n\n\n\n<p>Vous souhaitez adh\u00e9rer au projet ?<\/p>\n\n\n\n<p><a href=\"https:\/\/www.helloasso.com\/associations\/association-pour-la-justice-restaurative-et-la-mediation-penale\/adhesions\/adhesion-2023\">https:\/\/www.helloasso.com\/associations\/association-pour-la-justice-restaurative-et-la-mediation-penale\/adhesions\/adhesion-2023<\/a><\/p>\n\n\n\n<p>\/<\/p>\n\n\n\n<div id=\"wp-block-themeisle-blocks-icon-list-dfc1fb3a\" class=\"wp-block-themeisle-blocks-icon-list\">\n<div id=\"wp-block-themeisle-blocks-icon-list-item-648b3a6e\" class=\"wp-block-themeisle-blocks-icon-list-item\"><i class=\"far fa-envelope wp-block-themeisle-blocks-icon-list-item-icon\"><\/i><p class=\"wp-block-themeisle-blocks-icon-list-item-content\">contact @ ajrmp.fr<\/p><\/div>\n\n\n\n<div id=\"wp-block-themeisle-blocks-icon-list-item-d4eec3f8\" class=\"wp-block-themeisle-blocks-icon-list-item\"><i class=\"fas fa-map-marker-alt wp-block-themeisle-blocks-icon-list-item-icon\"><\/i><p class=\"wp-block-themeisle-blocks-icon-list-item-content\">AJRMP, 19 rue Alberti 06000 NICE<\/p><\/div>\n<\/div>\n\n\n\n<div style=\"height:20px\" aria-hidden=\"true\" class=\"wp-block-spacer\"><\/div>\n<\/div>\n\n\n\n<div id=\"wp-block-themeisle-blocks-advanced-column-ee3078f9\" class=\"wp-block-themeisle-blocks-advanced-column\">\n<div id=\"wp-block-themeisle-blocks-form-c02278c7\" class=\"wp-block-themeisle-blocks-form\" data-option-name=\"bf9b28ff82ce323187abc5d0feb0d8f07ecd8436_c02278c7\"><form class=\"otter-form__container\">\n<div id=\"wp-block-themeisle-blocks-form-input-b7bbe5bf\" class=\"wp-block-themeisle-blocks-form-input\"><label for=\"wp-block-themeisle-blocks-form-input-b7bbe5bf-input\" class=\"otter-form-input-label\"><span class=\"otter-form-input-label__label\">Pr\u00e9nom<\/span><span class=\"required\">*<\/span><\/label><input type=\"text\" id=\"wp-block-themeisle-blocks-form-input-b7bbe5bf-input\" required class=\"otter-form-input\"\/><\/div>\n\n\n\n<div id=\"wp-block-themeisle-blocks-form-input-6cf151a8\" class=\"wp-block-themeisle-blocks-form-input\"><label for=\"wp-block-themeisle-blocks-form-input-6cf151a8-input\" class=\"otter-form-input-label\"><span class=\"otter-form-input-label__label\">Email<\/span><span class=\"required\">*<\/span><\/label><input type=\"email\" id=\"wp-block-themeisle-blocks-form-input-6cf151a8-input\" required class=\"otter-form-input\"\/><\/div>\n\n\n\n<div id=\"wp-block-themeisle-blocks-form-input-67e1efbc\" class=\"wp-block-themeisle-blocks-form-input\"><label for=\"wp-block-themeisle-blocks-form-input-67e1efbc-input\" class=\"otter-form-input-label\"><span class=\"otter-form-input-label__label\">T\u00e9l\u00e9phone<\/span><\/label><input type=\"number\" id=\"wp-block-themeisle-blocks-form-input-67e1efbc-input\" class=\"otter-form-input\"\/><\/div>\n\n\n\n<div id=\"wp-block-themeisle-blocks-form-textarea-516ebef1\" class=\"wp-block-themeisle-blocks-form-input\"><label for=\"wp-block-themeisle-blocks-form-textarea-516ebef1-input\" class=\"otter-form-input-label\"><span class=\"otter-form-input-label__label\">Message<\/span><\/label><input type=\"text\" id=\"wp-block-themeisle-blocks-form-textarea-516ebef1-input\" class=\"otter-form-input\"\/><\/div>\n\n\n\n<p class=\"has-extra-small-font-size\">En utilisant ce formulaire, vous acceptez de nous donner votre identit\u00e9 et vos coordonn\u00e9es afin que notre association puisse vous recontacter.<\/p>\n\n\n<div class=\"protection\" aria-hidden=\"true\"><input type=\"hidden\" id=\"wp-block-themeisle-blocks-form-c02278c7_nonce_field\" name=\"wp-block-themeisle-blocks-form-c02278c7_nonce_field\" value=\"949ced4dff\" \/><input type=\"hidden\" name=\"_wp_http_referer\" value=\"\/index.php\/wp-json\/wp\/v2\/pages\/308\" \/><input class=\"o-anti-bot\" type=\"checkbox\"><\/div><div class=\"wp-block-button\"><button class=\"wp-block-button__link\" type=\"submit\">Submit<\/button><\/div><\/form><\/div>\n<\/div>\n<\/div><\/div>\n<\/div>\n","protected":false},"excerpt":{"rendered":"<p>Qu\u2019est ce que la justice restaurative ?<\/p>\n","protected":false},"author":1,"featured_media":0,"parent":0,"menu_order":0,"comment_status":"closed","ping_status":"closed","template":"","meta":{"neve_meta_sidebar":"default","neve_meta_container":"default","neve_meta_enable_content_width":"on","neve_meta_content_width":100,"neve_meta_title_alignment":"","neve_meta_author_avatar":"","neve_post_elements_order":"","neve_meta_disable_header":"","neve_meta_disable_footer":"","neve_meta_disable_title":"on","_themeisle_gutenberg_block_has_review":false,"_ti_tpc_template_sync":false,"_ti_tpc_template_id":"5udqur826ojgsxrmsxsc","footnotes":""},"class_list":["post-308","page","type-page","status-publish","hentry"],"_links":{"self":[{"href":"https:\/\/ajrmp.fr\/index.php\/wp-json\/wp\/v2\/pages\/308","targetHints":{"allow":["GET"]}}],"collection":[{"href":"https:\/\/ajrmp.fr\/index.php\/wp-json\/wp\/v2\/pages"}],"about":[{"href":"https:\/\/ajrmp.fr\/index.php\/wp-json\/wp\/v2\/types\/page"}],"author":[{"embeddable":true,"href":"https:\/\/ajrmp.fr\/index.php\/wp-json\/wp\/v2\/users\/1"}],"replies":[{"embeddable":true,"href":"https:\/\/ajrmp.fr\/index.php\/wp-json\/wp\/v2\/comments?post=308"}],"version-history":[{"count":8,"href":"https:\/\/ajrmp.fr\/index.php\/wp-json\/wp\/v2\/pages\/308\/revisions"}],"predecessor-version":[{"id":391,"href":"https:\/\/ajrmp.fr\/index.php\/wp-json\/wp\/v2\/pages\/308\/revisions\/391"}],"wp:attachment":[{"href":"https:\/\/ajrmp.fr\/index.php\/wp-json\/wp\/v2\/media?parent=308"}],"curies":[{"name":"wp","href":"https:\/\/api.w.org\/{rel}","templated":true}]}}